{"id":7003,"date":"2022-10-07T15:46:13","date_gmt":"2022-10-07T14:46:13","guid":{"rendered":"https:\/\/infinity.pt\/loja-online\/produto\/salvia-branca\/"},"modified":"2025-05-15T13:17:52","modified_gmt":"2025-05-15T12:17:52","slug":"salvia-branca","status":"publish","type":"product","link":"https:\/\/infinity.pt\/loja-online\/loja\/boticario\/salvia-branca\/","title":{"rendered":"S\u00e1lvia Branca"},"content":{"rendered":"<p><span style=\"font-weight: 400\">A S\u00e1lvia Branca, \u00e9 uma planta sagrada que quando utilizada em defuma\u00e7\u00f5es, purifica, protege e eleva a vibra\u00e7\u00e3o da tua energia e\/ou do local que estejas a limpar.<\/span><\/p>\n<p><span style=\"font-weight: 400\">Devido \u00e0s suas propriedades anti-s\u00e9pticas, poder\u00e1s tamb\u00e9m utilizar a S\u00e1lvia Branca como higienizante &#8211; exemplo ap\u00f3s doen\u00e7a.<\/span><\/p>\n<p><span style=\"font-weight: 400\">Antes de a acenderes, coloca a tua inten\u00e7\u00e3o de limpeza, prote\u00e7\u00e3o e regenera\u00e7\u00e3o.<\/span><\/p>\n","protected":false},"excerpt":{"rendered":"<p>A S\u00e1lvia Branca, \u00e9 uma planta sagrada que quando utilizada em defuma\u00e7\u00f5es, purifica, protege e eleva a vibra\u00e7\u00e3o da tua energia e\/ou do local que estejas a limpar. Devido \u00e0s suas propriedades anti-s\u00e9pticas, poder\u00e1s tamb\u00e9m utilizar a S\u00e1lvia Branca como higienizante &#8211; exemplo ap\u00f3s doen\u00e7a. Antes de a acenderes, coloca a tua inten\u00e7\u00e3o de limpeza, [&hellip;]<\/p>\n","protected":false},"featured_media":11400,"template":"","meta":{"_mo_disable_npp":"","iawp_total_views":2},"product_brand":[],"product_cat":[62,116],"product_tag":[362],"giftcard-category":[],"class_list":{"0":"post-7003","1":"product","2":"type-product","3":"status-publish","4":"has-post-thumbnail","6":"product_cat-boticario","7":"product_cat-limpeza-e-protecao","8":"product_tag-tocha-salvia-branca","10":"first","11":"instock","12":"taxable","13":"shipping-taxable","14":"purchasable","15":"product-type-simple"},"_links":{"self":[{"href":"https:\/\/infinity.pt\/loja-online\/wp-json\/wp\/v2\/product\/7003","targetHints":{"allow":["GET"]}}],"collection":[{"href":"https:\/\/infinity.pt\/loja-online\/wp-json\/wp\/v2\/product"}],"about":[{"href":"https:\/\/infinity.pt\/loja-online\/wp-json\/wp\/v2\/types\/product"}],"version-history":[{"count":0,"href":"https:\/\/infinity.pt\/loja-online\/wp-json\/wp\/v2\/product\/7003\/revisions"}],"wp:featuredmedia":[{"embeddable":true,"href":"https:\/\/infinity.pt\/loja-online\/wp-json\/wp\/v2\/media\/11400"}],"wp:attachment":[{"href":"https:\/\/infinity.pt\/loja-online\/wp-json\/wp\/v2\/media?parent=7003"}],"wp:term":[{"taxonomy":"product_brand","embeddable":true,"href":"https:\/\/infinity.pt\/loja-online\/wp-json\/wp\/v2\/product_brand?post=7003"},{"taxonomy":"product_cat","embeddable":true,"href":"https:\/\/infinity.pt\/loja-online\/wp-json\/wp\/v2\/product_cat?post=7003"},{"taxonomy":"product_tag","embeddable":true,"href":"https:\/\/infinity.pt\/loja-online\/wp-json\/wp\/v2\/product_tag?post=7003"},{"taxonomy":"giftcard-category","embeddable":true,"href":"https:\/\/infinity.pt\/loja-online\/wp-json\/wp\/v2\/giftcard-category?post=7003"}],"curies":[{"name":"wp","href":"https:\/\/api.w.org\/{rel}","templated":true}]}}