{"id":6955,"date":"2022-10-07T15:46:08","date_gmt":"2022-10-07T14:46:08","guid":{"rendered":"https:\/\/infinity.pt\/loja-online\/produto\/aragonite\/"},"modified":"2023-12-04T11:28:54","modified_gmt":"2023-12-04T11:28:54","slug":"aragonite","status":"publish","type":"product","link":"https:\/\/infinity.pt\/loja-online\/loja\/acessorios\/pendentes-acessorios\/aragonite\/","title":{"rendered":"Pendente Aragonite"},"content":{"rendered":"<p><span style=\"font-weight: 400\">Age como protetor do corpo emocional, ajudando a libertares-te de emo\u00e7\u00f5es como a raiva e o stress e a focares-te no que realmente \u00e9 importante.<\/span><\/p>\n<p><span style=\"font-weight: 400\">Fortalece a imunidade, sendo ben\u00e9fica em situa\u00e7\u00f5es de gripe e atua no bom funcionamento do sistema respirat\u00f3rio.<\/span><\/p>\n<p><span style=\"font-weight: 400\">Age positivamente num sono tranquilo, sendo favor\u00e1vel para quem tem pesadelos.<\/span><\/p>\n","protected":false},"excerpt":{"rendered":"<p>Age como protetor do corpo emocional, ajudando a libertares-te de emo\u00e7\u00f5es como a raiva e o stress e a focares-te no que realmente \u00e9 importante. Fortalece a imunidade, sendo ben\u00e9fica em situa\u00e7\u00f5es de gripe e atua no bom funcionamento do sistema respirat\u00f3rio. Age positivamente num sono tranquilo, sendo favor\u00e1vel para quem tem pesadelos.<\/p>\n","protected":false},"featured_media":10793,"template":"","meta":{"_mo_disable_npp":"","iawp_total_views":0},"product_brand":[],"product_cat":[85,61,424],"product_tag":[344],"giftcard-category":[],"class_list":{"0":"post-6955","1":"product","2":"type-product","3":"status-publish","4":"has-post-thumbnail","6":"product_cat-pendentes-acessorios","7":"product_cat-acessorios","8":"product_cat-chacra-plexo-solar","9":"product_tag-aragonite","11":"first","12":"instock","13":"taxable","14":"shipping-taxable","15":"purchasable","16":"product-type-simple"},"_links":{"self":[{"href":"https:\/\/infinity.pt\/loja-online\/wp-json\/wp\/v2\/product\/6955","targetHints":{"allow":["GET"]}}],"collection":[{"href":"https:\/\/infinity.pt\/loja-online\/wp-json\/wp\/v2\/product"}],"about":[{"href":"https:\/\/infinity.pt\/loja-online\/wp-json\/wp\/v2\/types\/product"}],"version-history":[{"count":0,"href":"https:\/\/infinity.pt\/loja-online\/wp-json\/wp\/v2\/product\/6955\/revisions"}],"wp:featuredmedia":[{"embeddable":true,"href":"https:\/\/infinity.pt\/loja-online\/wp-json\/wp\/v2\/media\/10793"}],"wp:attachment":[{"href":"https:\/\/infinity.pt\/loja-online\/wp-json\/wp\/v2\/media?parent=6955"}],"wp:term":[{"taxonomy":"product_brand","embeddable":true,"href":"https:\/\/infinity.pt\/loja-online\/wp-json\/wp\/v2\/product_brand?post=6955"},{"taxonomy":"product_cat","embeddable":true,"href":"https:\/\/infinity.pt\/loja-online\/wp-json\/wp\/v2\/product_cat?post=6955"},{"taxonomy":"product_tag","embeddable":true,"href":"https:\/\/infinity.pt\/loja-online\/wp-json\/wp\/v2\/product_tag?post=6955"},{"taxonomy":"giftcard-category","embeddable":true,"href":"https:\/\/infinity.pt\/loja-online\/wp-json\/wp\/v2\/giftcard-category?post=6955"}],"curies":[{"name":"wp","href":"https:\/\/api.w.org\/{rel}","templated":true}]}}