{"id":6412,"date":"2022-10-07T15:45:05","date_gmt":"2022-10-07T14:45:05","guid":{"rendered":"https:\/\/infinity.pt\/loja-online\/produto\/agata-musgosa-9\/"},"modified":"2023-12-04T11:54:44","modified_gmt":"2023-12-04T11:54:44","slug":"agata-musgosa-9","status":"publish","type":"product","link":"https:\/\/infinity.pt\/loja-online\/loja\/acessorios\/pendentes-acessorios\/agata-musgosa-9\/","title":{"rendered":"Pendente \u00c1gata Musgosa"},"content":{"rendered":"<p>A sua tonalidade verde musgo, remete para a cura.\u00a0<\/p>\n<p>No corpo f\u00edsico, este cristal favorece o fortalecimento do p\u00e2ncreas e ajuda na recupera\u00e7\u00e3o de estados de doen\u00e7as, acelerando o seu processo de recupera\u00e7\u00e3o.<\/p>\n<p>Atua na diminui\u00e7\u00e3o da temperatura corporal e no al\u00edvio dos sintomas de gripe e sinusite. Estimula o sistema linf\u00e1tico.<br \/>Conhecida como a pedra da parteira, facilita no parto, diminuindo o desconforto da dor. <br \/>Fortalece em situa\u00e7\u00f5es de desconforto e inseguran\u00e7a, como a claustrofobia, fortalecendo a resist\u00eancia emocional, para que te sintas seguro.<\/p>\n<p>A \u00c1gata Musgosa atrai a prosperidade de todas as formas. A sua vibra\u00e7\u00e3o remete para a liga\u00e7\u00e3o com a natureza e promove uma forte conex\u00e3o com os elementais da natureza. Em medita\u00e7\u00f5es, facilita a conex\u00e3o espiritual.<\/p>\n","protected":false},"excerpt":{"rendered":"<p>A sua tonalidade verde musgo, remete para a cura.\u00a0 No corpo f\u00edsico, este cristal favorece o fortalecimento do p\u00e2ncreas e ajuda na recupera\u00e7\u00e3o de estados de doen\u00e7as, acelerando o seu processo de recupera\u00e7\u00e3o. Atua na diminui\u00e7\u00e3o da temperatura corporal e no al\u00edvio dos sintomas de gripe e sinusite. Estimula o sistema linf\u00e1tico.Conhecida como a pedra [&hellip;]<\/p>\n","protected":false},"featured_media":10860,"template":"","meta":{"_mo_disable_npp":"","iawp_total_views":1},"product_brand":[],"product_cat":[85,61,425],"product_tag":[243],"giftcard-category":[],"class_list":{"0":"post-6412","1":"product","2":"type-product","3":"status-publish","4":"has-post-thumbnail","6":"product_cat-pendentes-acessorios","7":"product_cat-acessorios","8":"product_cat-chacra-cardiaco","9":"product_tag-agata-musgosa","11":"first","12":"outofstock","13":"taxable","14":"shipping-taxable","15":"purchasable","16":"product-type-simple"},"_links":{"self":[{"href":"https:\/\/infinity.pt\/loja-online\/wp-json\/wp\/v2\/product\/6412","targetHints":{"allow":["GET"]}}],"collection":[{"href":"https:\/\/infinity.pt\/loja-online\/wp-json\/wp\/v2\/product"}],"about":[{"href":"https:\/\/infinity.pt\/loja-online\/wp-json\/wp\/v2\/types\/product"}],"version-history":[{"count":0,"href":"https:\/\/infinity.pt\/loja-online\/wp-json\/wp\/v2\/product\/6412\/revisions"}],"wp:featuredmedia":[{"embeddable":true,"href":"https:\/\/infinity.pt\/loja-online\/wp-json\/wp\/v2\/media\/10860"}],"wp:attachment":[{"href":"https:\/\/infinity.pt\/loja-online\/wp-json\/wp\/v2\/media?parent=6412"}],"wp:term":[{"taxonomy":"product_brand","embeddable":true,"href":"https:\/\/infinity.pt\/loja-online\/wp-json\/wp\/v2\/product_brand?post=6412"},{"taxonomy":"product_cat","embeddable":true,"href":"https:\/\/infinity.pt\/loja-online\/wp-json\/wp\/v2\/product_cat?post=6412"},{"taxonomy":"product_tag","embeddable":true,"href":"https:\/\/infinity.pt\/loja-online\/wp-json\/wp\/v2\/product_tag?post=6412"},{"taxonomy":"giftcard-category","embeddable":true,"href":"https:\/\/infinity.pt\/loja-online\/wp-json\/wp\/v2\/giftcard-category?post=6412"}],"curies":[{"name":"wp","href":"https:\/\/api.w.org\/{rel}","templated":true}]}}