{"id":6403,"date":"2022-10-07T15:45:05","date_gmt":"2022-10-07T14:45:05","guid":{"rendered":"https:\/\/infinity.pt\/loja-online\/produto\/agua-marinha-chip\/"},"modified":"2025-01-13T13:36:06","modified_gmt":"2025-01-13T13:36:06","slug":"agua-marinha-chip","status":"publish","type":"product","link":"https:\/\/infinity.pt\/loja-online\/loja\/criancas\/pulseiras-criancas\/agua-marinha-chip\/","title":{"rendered":"Pulseira \u00c1gua Marinha Chip"},"content":{"rendered":"<p><span style=\"font-weight: 400\">De energia calmante, a \u00e1gua marinha \u00e9 um cristal que recomendo sempre a crian\u00e7as que t\u00eam dificuldade em dormir, devido \u00e0 sua vibra\u00e7\u00e3o harmonizante, promovendo um sono tranquilo.<\/span><\/p>\n<p><span style=\"font-weight: 400\">No corpo f\u00edsico, a sua utiliza\u00e7\u00e3o beneficia o sistema respirat\u00f3rio, auxiliando no fortalecimento dos pulm\u00f5es e no tratamento de bronquite.<\/span><span style=\"font-weight: 400\"><br \/><\/span><span style=\"font-weight: 400\">Atua no equil\u00edbrio hormonal, equilibrando e estimulando o funcionamento da gl\u00e2ndula tire\u00f3ide.<\/span><span style=\"font-weight: 400\"><br \/><\/span><span style=\"font-weight: 400\">Ajuda a limpar as vias respirat\u00f3rias, beneficiando em crises de rinite.<\/span><span style=\"font-weight: 400\"><br \/><\/span><span style=\"font-weight: 400\">Alivia as\u00a0 dores de dentes, rouquid\u00e3o.<\/span><span style=\"font-weight: 400\"><br \/><\/span><span style=\"font-weight: 400\">Colocada nas p\u00e1lpebras dos olhos, beneficia a vis\u00e3o.<\/span><span style=\"font-weight: 400\"><br \/><\/span><span style=\"font-weight: 400\">Uma \u00e1gua energizada de \u00e1gua marinha, vai aliviar o desconforto das dermatites que t\u00eam como consequ\u00eancia um estilo de vida mais agitado. <\/span><span style=\"font-weight: 400\"><br \/><\/span><span style=\"font-weight: 400\">Na gravidez, age como protetor, atuando na preven\u00e7\u00e3o do aborto.<\/span><\/p>\n<p><span style=\"font-weight: 400\">No corpo emocional, age como calmante, atuando de forma eficaz em situa\u00e7\u00f5es de stress e nas consequ\u00eancias associadas a ele, como por exemplo a irritabilidade, impulsividade e agressividade.<\/span><\/p>\n<p><span style=\"font-weight: 400\">No corpo energ\u00e9tico, promove o despertar e aceita\u00e7\u00e3o da espiritualidade. <br \/>Facilita na conex\u00e3o com os guias espirituais.<\/span><\/p>\n","protected":false},"excerpt":{"rendered":"<p>De energia calmante, a \u00e1gua marinha \u00e9 um cristal que recomendo sempre a crian\u00e7as que t\u00eam dificuldade em dormir, devido \u00e0 sua vibra\u00e7\u00e3o harmonizante, promovendo um sono tranquilo. No corpo f\u00edsico, a sua utiliza\u00e7\u00e3o beneficia o sistema respirat\u00f3rio, auxiliando no fortalecimento dos pulm\u00f5es e no tratamento de bronquite.Atua no equil\u00edbrio hormonal, equilibrando e estimulando o [&hellip;]<\/p>\n","protected":false},"featured_media":11396,"template":"","meta":{"_mo_disable_npp":"","iawp_total_views":2},"product_brand":[],"product_cat":[77,63],"product_tag":[242],"giftcard-category":[],"class_list":{"0":"post-6403","1":"product","2":"type-product","3":"status-publish","4":"has-post-thumbnail","6":"product_cat-pulseiras-criancas","7":"product_cat-criancas","8":"product_tag-agua-marinha","10":"first","11":"instock","12":"taxable","13":"shipping-taxable","14":"purchasable","15":"product-type-simple"},"_links":{"self":[{"href":"https:\/\/infinity.pt\/loja-online\/wp-json\/wp\/v2\/product\/6403","targetHints":{"allow":["GET"]}}],"collection":[{"href":"https:\/\/infinity.pt\/loja-online\/wp-json\/wp\/v2\/product"}],"about":[{"href":"https:\/\/infinity.pt\/loja-online\/wp-json\/wp\/v2\/types\/product"}],"version-history":[{"count":1,"href":"https:\/\/infinity.pt\/loja-online\/wp-json\/wp\/v2\/product\/6403\/revisions"}],"predecessor-version":[{"id":20667,"href":"https:\/\/infinity.pt\/loja-online\/wp-json\/wp\/v2\/product\/6403\/revisions\/20667"}],"wp:featuredmedia":[{"embeddable":true,"href":"https:\/\/infinity.pt\/loja-online\/wp-json\/wp\/v2\/media\/11396"}],"wp:attachment":[{"href":"https:\/\/infinity.pt\/loja-online\/wp-json\/wp\/v2\/media?parent=6403"}],"wp:term":[{"taxonomy":"product_brand","embeddable":true,"href":"https:\/\/infinity.pt\/loja-online\/wp-json\/wp\/v2\/product_brand?post=6403"},{"taxonomy":"product_cat","embeddable":true,"href":"https:\/\/infinity.pt\/loja-online\/wp-json\/wp\/v2\/product_cat?post=6403"},{"taxonomy":"product_tag","embeddable":true,"href":"https:\/\/infinity.pt\/loja-online\/wp-json\/wp\/v2\/product_tag?post=6403"},{"taxonomy":"giftcard-category","embeddable":true,"href":"https:\/\/infinity.pt\/loja-online\/wp-json\/wp\/v2\/giftcard-category?post=6403"}],"curies":[{"name":"wp","href":"https:\/\/api.w.org\/{rel}","templated":true}]}}