{"id":6375,"date":"2022-10-07T14:45:00","date_gmt":"2022-10-07T13:45:00","guid":{"rendered":"https:\/\/infinity.pt\/loja-online\/produto\/agata-azul-rendada-3\/"},"modified":"2025-09-12T19:29:57","modified_gmt":"2025-09-12T18:29:57","slug":"agata-azul-rendada-3","status":"publish","type":"product","link":"https:\/\/infinity.pt\/loja-online\/loja\/cristais\/cristal-rolado\/agata-azul-rendada-3\/","title":{"rendered":"\u00c1gata Azul Rendada"},"content":{"rendered":"<p>Dimens\u00e3o aprox. 2 a 5 cm<\/p>\n<p><span style=\"font-weight: 400\">A \u00c1gata Azul Rendada emite uma energia delicada, que remete para uma sensa\u00e7\u00e3o de paz e tranquilidade, favorecendo estados de irritabilidade. <\/span><span style=\"font-weight: 400\"><br \/><\/span><span style=\"font-weight: 400\">Auxilia na comunica\u00e7\u00e3o e na express\u00e3o verbal, sendo \u00fatil para os que t\u00eam dificuldade em se fazerem ouvir. <\/span><span style=\"font-weight: 400\"><br \/><\/span><span style=\"font-weight: 400\">Ajuda a reduzir o stress e a ansiedade, sendo favor\u00e1vel\u00a0<\/span><\/p>\n<p><span style=\"font-weight: 400\">No corpo f\u00edsico, atua em estados febris, dores de garganta e tosse. <\/span><span style=\"font-weight: 400\"><br \/><\/span><span style=\"font-weight: 400\">A sua utiliza\u00e7\u00e3o tamb\u00e9m \u00e9 interessante para o equil\u00edbrio da gl\u00e2ndula da tiroide. <\/span><span style=\"font-weight: 400\"><br \/><\/span><span style=\"font-weight: 400\">Atua no al\u00edvio de pruridos, causados como consequ\u00eancia de problemas de pele como a psor\u00edase. <\/span><span style=\"font-weight: 400\"><br \/><\/span><span style=\"font-weight: 400\">Em caso de ins\u00f3nias, ir\u00e1 beneficiar este estado, melhorando a qualidade do sono. <br \/><\/span><span style=\"font-weight: 400\">Favor\u00e1vel na gravidez, ajudando a reduzir o stress e a ansiedade.<\/span><\/p>\n<p><span style=\"font-weight: 400\">No corpo espiritual favorece ao n\u00edvel do sentimento da tua voz interior, sendo ben\u00e9fico em estados meditativos e promovendo a comunica\u00e7\u00e3o com os guias espirituais.<\/span><\/p>\n","protected":false},"excerpt":{"rendered":"<p>Dimens\u00e3o aprox. 2 a 5 cm A \u00c1gata Azul Rendada emite uma energia delicada, que remete para uma sensa\u00e7\u00e3o de paz e tranquilidade, favorecendo estados de irritabilidade. Auxilia na comunica\u00e7\u00e3o e na express\u00e3o verbal, sendo \u00fatil para os que t\u00eam dificuldade em se fazerem ouvir. Ajuda a reduzir o stress e a ansiedade, sendo favor\u00e1vel\u00a0 [&hellip;]<\/p>\n","protected":false},"featured_media":12394,"template":"","meta":{"_mo_disable_npp":"","iawp_total_views":3},"product_brand":[],"product_cat":[74,63,64,65,426],"product_tag":[238],"giftcard-category":[],"class_list":{"0":"post-6375","1":"product","2":"type-product","3":"status-publish","4":"has-post-thumbnail","6":"product_cat-cristal-rolado","7":"product_cat-criancas","8":"product_cat-cristais","9":"product_cat-gravidez","10":"product_cat-chacra-laringeo","11":"product_tag-agata-azul-rendada","13":"first","14":"instock","15":"taxable","16":"shipping-taxable","17":"purchasable","18":"product-type-variable"},"_links":{"self":[{"href":"https:\/\/infinity.pt\/loja-online\/wp-json\/wp\/v2\/product\/6375","targetHints":{"allow":["GET"]}}],"collection":[{"href":"https:\/\/infinity.pt\/loja-online\/wp-json\/wp\/v2\/product"}],"about":[{"href":"https:\/\/infinity.pt\/loja-online\/wp-json\/wp\/v2\/types\/product"}],"version-history":[{"count":0,"href":"https:\/\/infinity.pt\/loja-online\/wp-json\/wp\/v2\/product\/6375\/revisions"}],"wp:featuredmedia":[{"embeddable":true,"href":"https:\/\/infinity.pt\/loja-online\/wp-json\/wp\/v2\/media\/12394"}],"wp:attachment":[{"href":"https:\/\/infinity.pt\/loja-online\/wp-json\/wp\/v2\/media?parent=6375"}],"wp:term":[{"taxonomy":"product_brand","embeddable":true,"href":"https:\/\/infinity.pt\/loja-online\/wp-json\/wp\/v2\/product_brand?post=6375"},{"taxonomy":"product_cat","embeddable":true,"href":"https:\/\/infinity.pt\/loja-online\/wp-json\/wp\/v2\/product_cat?post=6375"},{"taxonomy":"product_tag","embeddable":true,"href":"https:\/\/infinity.pt\/loja-online\/wp-json\/wp\/v2\/product_tag?post=6375"},{"taxonomy":"giftcard-category","embeddable":true,"href":"https:\/\/infinity.pt\/loja-online\/wp-json\/wp\/v2\/giftcard-category?post=6375"}],"curies":[{"name":"wp","href":"https:\/\/api.w.org\/{rel}","templated":true}]}}