{"id":20359,"date":"2023-07-26T17:46:11","date_gmt":"2023-07-26T16:46:11","guid":{"rendered":"https:\/\/infinity.pt\/loja-online\/?post_type=product&#038;p=20359"},"modified":"2024-05-02T15:11:53","modified_gmt":"2024-05-02T14:11:53","slug":"pendente-fada-de-calcedonia-azul","status":"publish","type":"product","link":"https:\/\/infinity.pt\/loja-online\/loja\/acessorios\/pendentes-acessorios\/pendente-fada-de-calcedonia-azul\/","title":{"rendered":"Pendente Fada de Calcedonia Azul"},"content":{"rendered":"<p>De energia suave a Calced\u00f3nia Azul incentiva a reflex\u00e3o, promovendo a clareza e harmonia na forma como te exprimes. <br \/>A sua utiliza\u00e7\u00e3o localizada, trata dores de garganta e rouquid\u00e3o.<br \/>Auxilia na gaguez. <br \/>Atua em estados febris. <br \/>Age como um calmante de excel\u00eancia, sendo favor\u00e1vel a sua utiliza\u00e7\u00e3o em crian\u00e7as.<\/p>\n<p>Colocada debaixo da almofada, atua em ins\u00f3nias e no sonambulismo.<\/p>\n<p>No corpo emocional, a sua utiliza\u00e7\u00e3o beneficia na timidez e acalma os estados ansiosos,\u00a0 promovendo a paz e harmonia interior.<\/p>\n","protected":false},"excerpt":{"rendered":"<p>De energia suave a Calced\u00f3nia Azul incentiva a reflex\u00e3o, promovendo a clareza e harmonia na forma como te exprimes. A sua utiliza\u00e7\u00e3o localizada, trata dores de garganta e rouquid\u00e3o.Auxilia na gaguez. Atua em estados febris. Age como um calmante de excel\u00eancia, sendo favor\u00e1vel a sua utiliza\u00e7\u00e3o em crian\u00e7as. Colocada debaixo da almofada, atua em ins\u00f3nias [&hellip;]<\/p>\n","protected":false},"featured_media":20363,"template":"","meta":{"_mo_disable_npp":"","iawp_total_views":4},"product_brand":[],"product_cat":[85,61,63,65,426],"product_tag":[252],"giftcard-category":[],"class_list":{"0":"post-20359","1":"product","2":"type-product","3":"status-publish","4":"has-post-thumbnail","6":"product_cat-pendentes-acessorios","7":"product_cat-acessorios","8":"product_cat-criancas","9":"product_cat-gravidez","10":"product_cat-chacra-laringeo","11":"product_tag-calcedonia-azul","13":"first","14":"instock","15":"taxable","16":"shipping-taxable","17":"purchasable","18":"product-type-simple"},"_links":{"self":[{"href":"https:\/\/infinity.pt\/loja-online\/wp-json\/wp\/v2\/product\/20359","targetHints":{"allow":["GET"]}}],"collection":[{"href":"https:\/\/infinity.pt\/loja-online\/wp-json\/wp\/v2\/product"}],"about":[{"href":"https:\/\/infinity.pt\/loja-online\/wp-json\/wp\/v2\/types\/product"}],"version-history":[{"count":0,"href":"https:\/\/infinity.pt\/loja-online\/wp-json\/wp\/v2\/product\/20359\/revisions"}],"wp:featuredmedia":[{"embeddable":true,"href":"https:\/\/infinity.pt\/loja-online\/wp-json\/wp\/v2\/media\/20363"}],"wp:attachment":[{"href":"https:\/\/infinity.pt\/loja-online\/wp-json\/wp\/v2\/media?parent=20359"}],"wp:term":[{"taxonomy":"product_brand","embeddable":true,"href":"https:\/\/infinity.pt\/loja-online\/wp-json\/wp\/v2\/product_brand?post=20359"},{"taxonomy":"product_cat","embeddable":true,"href":"https:\/\/infinity.pt\/loja-online\/wp-json\/wp\/v2\/product_cat?post=20359"},{"taxonomy":"product_tag","embeddable":true,"href":"https:\/\/infinity.pt\/loja-online\/wp-json\/wp\/v2\/product_tag?post=20359"},{"taxonomy":"giftcard-category","embeddable":true,"href":"https:\/\/infinity.pt\/loja-online\/wp-json\/wp\/v2\/giftcard-category?post=20359"}],"curies":[{"name":"wp","href":"https:\/\/api.w.org\/{rel}","templated":true}]}}