{"id":17997,"date":"2023-06-15T11:47:26","date_gmt":"2023-06-15T10:47:26","guid":{"rendered":"https:\/\/infinity.pt\/loja-online\/?post_type=product&#038;p=17997"},"modified":"2024-11-17T16:44:51","modified_gmt":"2024-11-17T16:44:51","slug":"incenso-natural-5-elementos-elemento-terra-harmonia","status":"publish","type":"product","link":"https:\/\/infinity.pt\/loja-online\/loja\/boticario\/incenso-natural-5-elementos-elemento-terra-harmonia\/","title":{"rendered":"Incenso Natural 5 Elementos &#8211; Elemento Terra &#8211; Harmonia"},"content":{"rendered":"<p><span style=\"font-weight: 400\">Conex\u00e3o com a energia do Elemento Terra, atrav\u00e9s do aroma do<br \/><\/span><span style=\"font-weight: 400\"><br \/><\/span><span style=\"font-weight: 400\">\ud83c\udf3fPalo Santo <\/span><span style=\"font-weight: 400\"><br \/><\/span><span style=\"font-weight: 400\">\ud83c\udf3f Gengibre<\/span><\/p>\n<p><span style=\"font-weight: 400\">Promove:<\/span><\/p>\n<p><span style=\"font-weight: 400\">\u2729Conex\u00e3o com a M\u00e3e Terra<\/span><span style=\"font-weight: 400\"><br \/><\/span><span style=\"font-weight: 400\">\u2729Enraizamento<\/span><span style=\"font-weight: 400\"><br \/><\/span><span style=\"font-weight: 400\">\u2729Estabilidade<\/span><span style=\"font-weight: 400\"><br \/><\/span><span style=\"font-weight: 400\">\u2729Confian\u00e7a<\/span><span style=\"font-weight: 400\"><br \/><\/span><span style=\"font-weight: 400\">\u2729Prote\u00e7\u00e3o Energ\u00e9tica<\/span><span style=\"font-weight: 400\"><br \/><\/span><span style=\"font-weight: 400\">\u2729Eleva\u00e7\u00e3o Espiritual<\/span><span style=\"font-weight: 400\"><br \/><\/span><span style=\"font-weight: 400\"><br \/><\/span><span style=\"font-weight: 400\">Cada embalagem cont\u00e9m 6 varetas<\/span><\/p>\n","protected":false},"excerpt":{"rendered":"<p>Conex\u00e3o com a energia do Elemento Terra, atrav\u00e9s do aroma do\ud83c\udf3fPalo Santo \ud83c\udf3f Gengibre Promove: \u2729Conex\u00e3o com a M\u00e3e Terra\u2729Enraizamento\u2729Estabilidade\u2729Confian\u00e7a\u2729Prote\u00e7\u00e3o Energ\u00e9tica\u2729Eleva\u00e7\u00e3o EspiritualCada embalagem cont\u00e9m 6 varetas<\/p>\n","protected":false},"featured_media":20269,"template":"","meta":{"_mo_disable_npp":"","iawp_total_views":0},"product_brand":[],"product_cat":[62,116],"product_tag":[489],"giftcard-category":[],"class_list":{"0":"post-17997","1":"product","2":"type-product","3":"status-publish","4":"has-post-thumbnail","6":"product_cat-boticario","7":"product_cat-limpeza-e-protecao","8":"product_tag-incenso","10":"first","11":"instock","12":"taxable","13":"shipping-taxable","14":"purchasable","15":"product-type-simple"},"_links":{"self":[{"href":"https:\/\/infinity.pt\/loja-online\/wp-json\/wp\/v2\/product\/17997","targetHints":{"allow":["GET"]}}],"collection":[{"href":"https:\/\/infinity.pt\/loja-online\/wp-json\/wp\/v2\/product"}],"about":[{"href":"https:\/\/infinity.pt\/loja-online\/wp-json\/wp\/v2\/types\/product"}],"version-history":[{"count":0,"href":"https:\/\/infinity.pt\/loja-online\/wp-json\/wp\/v2\/product\/17997\/revisions"}],"wp:featuredmedia":[{"embeddable":true,"href":"https:\/\/infinity.pt\/loja-online\/wp-json\/wp\/v2\/media\/20269"}],"wp:attachment":[{"href":"https:\/\/infinity.pt\/loja-online\/wp-json\/wp\/v2\/media?parent=17997"}],"wp:term":[{"taxonomy":"product_brand","embeddable":true,"href":"https:\/\/infinity.pt\/loja-online\/wp-json\/wp\/v2\/product_brand?post=17997"},{"taxonomy":"product_cat","embeddable":true,"href":"https:\/\/infinity.pt\/loja-online\/wp-json\/wp\/v2\/product_cat?post=17997"},{"taxonomy":"product_tag","embeddable":true,"href":"https:\/\/infinity.pt\/loja-online\/wp-json\/wp\/v2\/product_tag?post=17997"},{"taxonomy":"giftcard-category","embeddable":true,"href":"https:\/\/infinity.pt\/loja-online\/wp-json\/wp\/v2\/giftcard-category?post=17997"}],"curies":[{"name":"wp","href":"https:\/\/api.w.org\/{rel}","templated":true}]}}