{"id":12379,"date":"2022-11-16T18:32:35","date_gmt":"2022-11-16T18:32:35","guid":{"rendered":"https:\/\/infinity.pt\/loja-online\/?post_type=product&#038;p=12379"},"modified":"2024-07-11T17:05:52","modified_gmt":"2024-07-11T16:05:52","slug":"incensario-chacras","status":"publish","type":"product","link":"https:\/\/infinity.pt\/loja-online\/loja\/acessorios\/incensario\/incensario-chacras\/","title":{"rendered":"Incens\u00e1rio de Selenite Chacras"},"content":{"rendered":"<p>Dimens\u00e3o aprox. 10 cm <\/p>\n<p>A Selenite em forma de Incens\u00e1rio. <br \/>Podes usar este incens\u00e1rio para colocares o teu incenso preferido, ou usares como base de limpeza para limpares e energizares os teus cristais.<\/p>\n","protected":false},"excerpt":{"rendered":"<p>Dimens\u00e3o aprox. 10 cm A Selenite em forma de Incens\u00e1rio. Podes usar este incens\u00e1rio para colocares o teu incenso preferido, ou usares como base de limpeza para limpares e energizares os teus cristais.<\/p>\n","protected":false},"featured_media":13983,"template":"","meta":{"_mo_disable_npp":"","iawp_total_views":2},"product_brand":[],"product_cat":[144,61,71,116,428],"product_tag":[343],"giftcard-category":[],"class_list":{"0":"post-12379","1":"product","2":"type-product","3":"status-publish","4":"has-post-thumbnail","6":"product_cat-incensario","7":"product_cat-acessorios","8":"product_cat-selenite","9":"product_cat-limpeza-e-protecao","10":"product_cat-chacra-coroa","11":"product_tag-selenite","13":"first","14":"outofstock","15":"taxable","16":"shipping-taxable","17":"purchasable","18":"product-type-simple"},"_links":{"self":[{"href":"https:\/\/infinity.pt\/loja-online\/wp-json\/wp\/v2\/product\/12379","targetHints":{"allow":["GET"]}}],"collection":[{"href":"https:\/\/infinity.pt\/loja-online\/wp-json\/wp\/v2\/product"}],"about":[{"href":"https:\/\/infinity.pt\/loja-online\/wp-json\/wp\/v2\/types\/product"}],"version-history":[{"count":0,"href":"https:\/\/infinity.pt\/loja-online\/wp-json\/wp\/v2\/product\/12379\/revisions"}],"wp:featuredmedia":[{"embeddable":true,"href":"https:\/\/infinity.pt\/loja-online\/wp-json\/wp\/v2\/media\/13983"}],"wp:attachment":[{"href":"https:\/\/infinity.pt\/loja-online\/wp-json\/wp\/v2\/media?parent=12379"}],"wp:term":[{"taxonomy":"product_brand","embeddable":true,"href":"https:\/\/infinity.pt\/loja-online\/wp-json\/wp\/v2\/product_brand?post=12379"},{"taxonomy":"product_cat","embeddable":true,"href":"https:\/\/infinity.pt\/loja-online\/wp-json\/wp\/v2\/product_cat?post=12379"},{"taxonomy":"product_tag","embeddable":true,"href":"https:\/\/infinity.pt\/loja-online\/wp-json\/wp\/v2\/product_tag?post=12379"},{"taxonomy":"giftcard-category","embeddable":true,"href":"https:\/\/infinity.pt\/loja-online\/wp-json\/wp\/v2\/giftcard-category?post=12379"}],"curies":[{"name":"wp","href":"https:\/\/api.w.org\/{rel}","templated":true}]}}